{"id":32500,"date":"2025-11-18T09:44:39","date_gmt":"2025-11-18T08:44:39","guid":{"rendered":"https:\/\/www.tjasadorelay.com\/?page_id=32500"},"modified":"2026-01-05T13:24:49","modified_gmt":"2026-01-05T12:24:49","slug":"kozmicna-zanka","status":"publish","type":"page","link":"https:\/\/www.tjasadorelay.com\/sl\/kozmicna-zanka\/","title":{"rendered":"Kozmi\u010dna zanka"},"content":{"rendered":"0","protected":false},"excerpt":{"rendered":"<p>0<\/p>","protected":false},"author":1035,"featured_media":32497,"parent":0,"menu_order":0,"comment_status":"closed","ping_status":"closed","template":"","meta":{"inline_featured_image":false,"footnotes":""},"class_list":["post-32500","page","type-page","status-publish","has-post-thumbnail","hentry"],"acf":[],"yoast_head":"<!-- This site is optimized with the Yoast SEO plugin v23.3 - https:\/\/yoast.com\/wordpress\/plugins\/seo\/ -->\n<title>Kanaliziran dogodek v \u017eivo s Tja\u0161o Dorelay: KOZMI\u010cNA ZANKA<\/title>\n<meta name=\"robots\" content=\"index, follow, max-snippet:-1, max-image-preview:large, max-video-preview:-1\" \/>\n<link rel=\"canonical\" href=\"https:\/\/www.tjasadorelay.com\/sl\/kozmicna-zanka\/\" \/>\n<meta property=\"og:locale\" content=\"sl_SI\" \/>\n<meta property=\"og:type\" content=\"article\" \/>\n<meta property=\"og:title\" content=\"Kanaliziran dogodek v \u017eivo s Tja\u0161o Dorelay: KOZMI\u010cNA ZANKA\" \/>\n<meta property=\"og:description\" content=\"0\" \/>\n<meta property=\"og:url\" content=\"https:\/\/www.tjasadorelay.com\/sl\/kozmicna-zanka\/\" \/>\n<meta property=\"og:site_name\" content=\"Tja\u0161a Dorelay\" \/>\n<meta property=\"article:modified_time\" content=\"2026-01-05T12:24:49+00:00\" \/>\n<meta property=\"og:image\" content=\"http:\/\/www.tjasadorelay.com\/wp-content\/uploads\/2025\/11\/2023_TjasaDorelay_Plaza-lestenec_01-scaled.jpg\" \/>\n\t<meta property=\"og:image:width\" content=\"2560\" \/>\n\t<meta property=\"og:image:height\" content=\"1706\" \/>\n\t<meta property=\"og:image:type\" content=\"image\/jpeg\" \/>\n<meta name=\"twitter:card\" content=\"summary_large_image\" \/>\n<meta name=\"twitter:description\" content=\"0\" \/>\n<meta name=\"twitter:label1\" content=\"Est. reading time\" \/>\n\t<meta name=\"twitter:data1\" content=\"1 minuta\" \/>\n<script type=\"application\/ld+json\" class=\"yoast-schema-graph\">{\"@context\":\"https:\/\/schema.org\",\"@graph\":[{\"@type\":[\"WebPage\",\"ItemPage\"],\"@id\":\"https:\/\/www.tjasadorelay.com\/kozmicna-zanka\/\",\"url\":\"https:\/\/www.tjasadorelay.com\/kozmicna-zanka\/\",\"name\":\"Kanaliziran dogodek v \u017eivo s Tja\u0161o Dorelay: KOZMI\u010cNA ZANKA\",\"isPartOf\":{\"@id\":\"https:\/\/www.tjasadorelay.com\/#website\"},\"primaryImageOfPage\":{\"@id\":\"https:\/\/www.tjasadorelay.com\/kozmicna-zanka\/#primaryimage\"},\"image\":{\"@id\":\"https:\/\/www.tjasadorelay.com\/kozmicna-zanka\/#primaryimage\"},\"thumbnailUrl\":\"https:\/\/www.tjasadorelay.com\/wp-content\/uploads\/2025\/11\/2023_TjasaDorelay_Plaza-lestenec_01-scaled.jpg\",\"datePublished\":\"2025-11-18T08:44:39+00:00\",\"dateModified\":\"2026-01-05T12:24:49+00:00\",\"breadcrumb\":{\"@id\":\"https:\/\/www.tjasadorelay.com\/kozmicna-zanka\/#breadcrumb\"},\"inLanguage\":\"sl-SI\",\"potentialAction\":[{\"@type\":\"ReadAction\",\"target\":[\"https:\/\/www.tjasadorelay.com\/kozmicna-zanka\/\"]}]},{\"@type\":\"ImageObject\",\"inLanguage\":\"sl-SI\",\"@id\":\"https:\/\/www.tjasadorelay.com\/kozmicna-zanka\/#primaryimage\",\"url\":\"https:\/\/www.tjasadorelay.com\/wp-content\/uploads\/2025\/11\/2023_TjasaDorelay_Plaza-lestenec_01-scaled.jpg\",\"contentUrl\":\"https:\/\/www.tjasadorelay.com\/wp-content\/uploads\/2025\/11\/2023_TjasaDorelay_Plaza-lestenec_01-scaled.jpg\",\"width\":2560,\"height\":1706},{\"@type\":\"BreadcrumbList\",\"@id\":\"https:\/\/www.tjasadorelay.com\/kozmicna-zanka\/#breadcrumb\",\"itemListElement\":[{\"@type\":\"ListItem\",\"position\":1,\"name\":\"Home\",\"item\":\"https:\/\/www.tjasadorelay.com\/\"},{\"@type\":\"ListItem\",\"position\":2,\"name\":\"Kozmi\u010dna zanka\"}]},{\"@type\":\"WebSite\",\"@id\":\"https:\/\/www.tjasadorelay.com\/#website\",\"url\":\"https:\/\/www.tjasadorelay.com\/\",\"name\":\"Tja\u0161a Dorelay\",\"description\":\"\",\"publisher\":{\"@id\":\"https:\/\/www.tjasadorelay.com\/#organization\"},\"potentialAction\":[{\"@type\":\"SearchAction\",\"target\":{\"@type\":\"EntryPoint\",\"urlTemplate\":\"https:\/\/www.tjasadorelay.com\/?s={search_term_string}\"},\"query-input\":\"required name=search_term_string\"}],\"inLanguage\":\"sl-SI\"},{\"@type\":\"Organization\",\"@id\":\"https:\/\/www.tjasadorelay.com\/#organization\",\"name\":\"Tja\u0161a Dorelay\",\"url\":\"https:\/\/www.tjasadorelay.com\/\",\"logo\":{\"@type\":\"ImageObject\",\"inLanguage\":\"sl-SI\",\"@id\":\"https:\/\/www.tjasadorelay.com\/#\/schema\/logo\/image\/\",\"url\":\"https:\/\/www.tjasadorelay.com\/wp-content\/uploads\/2023\/02\/LOGO.png\",\"contentUrl\":\"https:\/\/www.tjasadorelay.com\/wp-content\/uploads\/2023\/02\/LOGO.png\",\"width\":688,\"height\":228,\"caption\":\"Tja\u0161a Dorelay\"},\"image\":{\"@id\":\"https:\/\/www.tjasadorelay.com\/#\/schema\/logo\/image\/\"}}]}<\/script>\n<!-- \/ Yoast SEO plugin. -->","yoast_head_json":{"title":"Kanaliziran dogodek v \u017eivo s Tja\u0161o Dorelay: KOZMI\u010cNA ZANKA","robots":{"index":"index","follow":"follow","max-snippet":"max-snippet:-1","max-image-preview":"max-image-preview:large","max-video-preview":"max-video-preview:-1"},"canonical":"https:\/\/www.tjasadorelay.com\/sl\/kozmicna-zanka\/","og_locale":"sl_SI","og_type":"article","og_title":"Kanaliziran dogodek v \u017eivo s Tja\u0161o Dorelay: KOZMI\u010cNA ZANKA","og_url":"https:\/\/www.tjasadorelay.com\/sl\/kozmicna-zanka\/","og_site_name":"Tja\u0161a Dorelay","article_modified_time":"2026-01-05T12:24:49+00:00","og_image":[{"width":2560,"height":1706,"url":"http:\/\/www.tjasadorelay.com\/wp-content\/uploads\/2025\/11\/2023_TjasaDorelay_Plaza-lestenec_01-scaled.jpg","type":"image\/jpeg"}],"twitter_card":"summary_large_image","twitter_misc":{"Est. reading time":"1 minuta"},"schema":{"@context":"https:\/\/schema.org","@graph":[{"@type":["WebPage","ItemPage"],"@id":"https:\/\/www.tjasadorelay.com\/kozmicna-zanka\/","url":"https:\/\/www.tjasadorelay.com\/kozmicna-zanka\/","name":"Kanaliziran dogodek v \u017eivo s Tja\u0161o Dorelay: KOZMI\u010cNA ZANKA","isPartOf":{"@id":"https:\/\/www.tjasadorelay.com\/#website"},"primaryImageOfPage":{"@id":"https:\/\/www.tjasadorelay.com\/kozmicna-zanka\/#primaryimage"},"image":{"@id":"https:\/\/www.tjasadorelay.com\/kozmicna-zanka\/#primaryimage"},"thumbnailUrl":"https:\/\/www.tjasadorelay.com\/wp-content\/uploads\/2025\/11\/2023_TjasaDorelay_Plaza-lestenec_01-scaled.jpg","datePublished":"2025-11-18T08:44:39+00:00","dateModified":"2026-01-05T12:24:49+00:00","breadcrumb":{"@id":"https:\/\/www.tjasadorelay.com\/kozmicna-zanka\/#breadcrumb"},"inLanguage":"sl-SI","potentialAction":[{"@type":"ReadAction","target":["https:\/\/www.tjasadorelay.com\/kozmicna-zanka\/"]}]},{"@type":"ImageObject","inLanguage":"sl-SI","@id":"https:\/\/www.tjasadorelay.com\/kozmicna-zanka\/#primaryimage","url":"https:\/\/www.tjasadorelay.com\/wp-content\/uploads\/2025\/11\/2023_TjasaDorelay_Plaza-lestenec_01-scaled.jpg","contentUrl":"https:\/\/www.tjasadorelay.com\/wp-content\/uploads\/2025\/11\/2023_TjasaDorelay_Plaza-lestenec_01-scaled.jpg","width":2560,"height":1706},{"@type":"BreadcrumbList","@id":"https:\/\/www.tjasadorelay.com\/kozmicna-zanka\/#breadcrumb","itemListElement":[{"@type":"ListItem","position":1,"name":"Home","item":"https:\/\/www.tjasadorelay.com\/"},{"@type":"ListItem","position":2,"name":"Kozmi\u010dna zanka"}]},{"@type":"WebSite","@id":"https:\/\/www.tjasadorelay.com\/#website","url":"https:\/\/www.tjasadorelay.com\/","name":"Tja\u0161a Dorelay","description":"","publisher":{"@id":"https:\/\/www.tjasadorelay.com\/#organization"},"potentialAction":[{"@type":"SearchAction","target":{"@type":"EntryPoint","urlTemplate":"https:\/\/www.tjasadorelay.com\/?s={search_term_string}"},"query-input":"required name=search_term_string"}],"inLanguage":"sl-SI"},{"@type":"Organization","@id":"https:\/\/www.tjasadorelay.com\/#organization","name":"Tja\u0161a Dorelay","url":"https:\/\/www.tjasadorelay.com\/","logo":{"@type":"ImageObject","inLanguage":"sl-SI","@id":"https:\/\/www.tjasadorelay.com\/#\/schema\/logo\/image\/","url":"https:\/\/www.tjasadorelay.com\/wp-content\/uploads\/2023\/02\/LOGO.png","contentUrl":"https:\/\/www.tjasadorelay.com\/wp-content\/uploads\/2023\/02\/LOGO.png","width":688,"height":228,"caption":"Tja\u0161a Dorelay"},"image":{"@id":"https:\/\/www.tjasadorelay.com\/#\/schema\/logo\/image\/"}}]}},"_links":{"self":[{"href":"https:\/\/www.tjasadorelay.com\/sl\/wp-json\/wp\/v2\/pages\/32500","targetHints":{"allow":["GET"]}}],"collection":[{"href":"https:\/\/www.tjasadorelay.com\/sl\/wp-json\/wp\/v2\/pages"}],"about":[{"href":"https:\/\/www.tjasadorelay.com\/sl\/wp-json\/wp\/v2\/types\/page"}],"author":[{"embeddable":true,"href":"https:\/\/www.tjasadorelay.com\/sl\/wp-json\/wp\/v2\/users\/1035"}],"replies":[{"embeddable":true,"href":"https:\/\/www.tjasadorelay.com\/sl\/wp-json\/wp\/v2\/comments?post=32500"}],"version-history":[{"count":73,"href":"https:\/\/www.tjasadorelay.com\/sl\/wp-json\/wp\/v2\/pages\/32500\/revisions"}],"predecessor-version":[{"id":34462,"href":"https:\/\/www.tjasadorelay.com\/sl\/wp-json\/wp\/v2\/pages\/32500\/revisions\/34462"}],"wp:featuredmedia":[{"embeddable":true,"href":"https:\/\/www.tjasadorelay.com\/sl\/wp-json\/wp\/v2\/media\/32497"}],"wp:attachment":[{"href":"https:\/\/www.tjasadorelay.com\/sl\/wp-json\/wp\/v2\/media?parent=32500"}],"curies":[{"name":"wp","href":"https:\/\/api.w.org\/{rel}","templated":true}]}}