{"id":372,"date":"2021-06-30T10:00:03","date_gmt":"2021-06-30T09:00:03","guid":{"rendered":"http:\/\/www.tjasadorelay.com\/?post_type=product&#038;p=372"},"modified":"2026-03-09T12:50:52","modified_gmt":"2026-03-09T11:50:52","slug":"spletna-sola-oracle-membership","status":"publish","type":"product","link":"https:\/\/www.tjasadorelay.com\/sl\/product\/spletna-sola-oracle-membership\/","title":{"rendered":"Spletna \u0161ola ORACLE MEMBERSHIP"},"content":{"rendered":"0","protected":false},"excerpt":{"rendered":"<p>0<\/p>","protected":false},"featured_media":29924,"template":"","meta":{"inline_featured_image":false},"product_cat":[16],"product_tag":[],"class_list":{"0":"post-372","1":"product","2":"type-product","3":"status-publish","4":"has-post-thumbnail","6":"product_cat-products","8":"first","9":"outofstock","10":"sold-individually","11":"taxable","12":"shipping-taxable","13":"purchasable","14":"product-type-variable"},"acf":[],"yoast_head":"<!-- This site is optimized with the Yoast SEO plugin v23.3 - https:\/\/yoast.com\/wordpress\/plugins\/seo\/ -->\n<title>Spletna \u0161ola ORACLE MEMBERSHIP - Tja\u0161a Dorelay<\/title>\n<meta name=\"description\" content=\"Vsa jasnost za tvoje \u017eivljenje na enem mestu! Spletna \u0161ola OM odpira vrata samo 1x letno in to je ZDAJ! Pridru\u017ei se ji in postani moderni orakelj tudi ti!\" \/>\n<meta name=\"robots\" content=\"index, follow, max-snippet:-1, max-image-preview:large, max-video-preview:-1\" \/>\n<link rel=\"canonical\" href=\"https:\/\/www.tjasadorelay.com\/sl\/izdelek\/spletna-sola-oracle-membership\/\" \/>\n<meta property=\"og:locale\" content=\"sl_SI\" \/>\n<meta property=\"og:type\" content=\"article\" \/>\n<meta property=\"og:title\" content=\"Spletna \u0161ola ORACLE MEMBERSHIP - Tja\u0161a Dorelay\" \/>\n<meta property=\"og:description\" content=\"Vsa jasnost za tvoje \u017eivljenje na enem mestu! Spletna \u0161ola OM odpira vrata samo 1x letno in to je ZDAJ! Pridru\u017ei se ji in postani moderni orakelj tudi ti!\" \/>\n<meta property=\"og:url\" content=\"https:\/\/www.tjasadorelay.com\/sl\/izdelek\/spletna-sola-oracle-membership\/\" \/>\n<meta property=\"og:site_name\" content=\"Tja\u0161a Dorelay\" \/>\n<meta property=\"article:modified_time\" content=\"2026-03-09T11:50:52+00:00\" \/>\n<meta property=\"og:image\" content=\"http:\/\/www.tjasadorelay.com\/wp-content\/uploads\/2025\/06\/2023_08_TjasaDorelay_Park-Brdo-rumen-pajac-NC-tunel-ob-steni_07-1-scaled-e1751909963353.jpg\" \/>\n\t<meta property=\"og:image:width\" content=\"1045\" \/>\n\t<meta property=\"og:image:height\" content=\"1390\" \/>\n\t<meta property=\"og:image:type\" content=\"image\/jpeg\" \/>\n<meta name=\"twitter:card\" content=\"summary_large_image\" \/>\n<meta name=\"twitter:label1\" content=\"Est. reading time\" \/>\n\t<meta name=\"twitter:data1\" content=\"1 minuta\" \/>\n<script type=\"application\/ld+json\" class=\"yoast-schema-graph\">{\"@context\":\"https:\/\/schema.org\",\"@graph\":[{\"@type\":\"WebPage\",\"@id\":\"https:\/\/www.tjasadorelay.com\/product\/spletna-sola-oracle-membership\/\",\"url\":\"https:\/\/www.tjasadorelay.com\/product\/spletna-sola-oracle-membership\/\",\"name\":\"Spletna \u0161ola ORACLE MEMBERSHIP - Tja\u0161a Dorelay\",\"isPartOf\":{\"@id\":\"https:\/\/www.tjasadorelay.com\/#website\"},\"primaryImageOfPage\":{\"@id\":\"https:\/\/www.tjasadorelay.com\/product\/spletna-sola-oracle-membership\/#primaryimage\"},\"image\":{\"@id\":\"https:\/\/www.tjasadorelay.com\/product\/spletna-sola-oracle-membership\/#primaryimage\"},\"thumbnailUrl\":\"https:\/\/www.tjasadorelay.com\/wp-content\/uploads\/2025\/06\/2023_08_TjasaDorelay_Park-Brdo-rumen-pajac-NC-tunel-ob-steni_07-1-scaled-e1751909963353.jpg\",\"datePublished\":\"2021-06-30T09:00:03+00:00\",\"dateModified\":\"2026-03-09T11:50:52+00:00\",\"description\":\"Vsa jasnost za tvoje \u017eivljenje na enem mestu! Spletna \u0161ola OM odpira vrata samo 1x letno in to je ZDAJ! Pridru\u017ei se ji in postani moderni orakelj tudi ti!\",\"breadcrumb\":{\"@id\":\"https:\/\/www.tjasadorelay.com\/product\/spletna-sola-oracle-membership\/#breadcrumb\"},\"inLanguage\":\"sl-SI\",\"potentialAction\":[{\"@type\":\"ReadAction\",\"target\":[\"https:\/\/www.tjasadorelay.com\/product\/spletna-sola-oracle-membership\/\"]}]},{\"@type\":\"ImageObject\",\"inLanguage\":\"sl-SI\",\"@id\":\"https:\/\/www.tjasadorelay.com\/product\/spletna-sola-oracle-membership\/#primaryimage\",\"url\":\"https:\/\/www.tjasadorelay.com\/wp-content\/uploads\/2025\/06\/2023_08_TjasaDorelay_Park-Brdo-rumen-pajac-NC-tunel-ob-steni_07-1-scaled-e1751909963353.jpg\",\"contentUrl\":\"https:\/\/www.tjasadorelay.com\/wp-content\/uploads\/2025\/06\/2023_08_TjasaDorelay_Park-Brdo-rumen-pajac-NC-tunel-ob-steni_07-1-scaled-e1751909963353.jpg\",\"width\":1045,\"height\":1390},{\"@type\":\"BreadcrumbList\",\"@id\":\"https:\/\/www.tjasadorelay.com\/product\/spletna-sola-oracle-membership\/#breadcrumb\",\"itemListElement\":[{\"@type\":\"ListItem\",\"position\":1,\"name\":\"Home\",\"item\":\"https:\/\/www.tjasadorelay.com\/\"},{\"@type\":\"ListItem\",\"position\":2,\"name\":\"Shop\",\"item\":\"https:\/\/www.tjasadorelay.com\/shop\/\"},{\"@type\":\"ListItem\",\"position\":3,\"name\":\"Spletna \u0161ola ORACLE MEMBERSHIP\"}]},{\"@type\":\"WebSite\",\"@id\":\"https:\/\/www.tjasadorelay.com\/#website\",\"url\":\"https:\/\/www.tjasadorelay.com\/\",\"name\":\"Tja\u0161a Dorelay\",\"description\":\"\",\"publisher\":{\"@id\":\"https:\/\/www.tjasadorelay.com\/#organization\"},\"potentialAction\":[{\"@type\":\"SearchAction\",\"target\":{\"@type\":\"EntryPoint\",\"urlTemplate\":\"https:\/\/www.tjasadorelay.com\/?s={search_term_string}\"},\"query-input\":\"required name=search_term_string\"}],\"inLanguage\":\"sl-SI\"},{\"@type\":\"Organization\",\"@id\":\"https:\/\/www.tjasadorelay.com\/#organization\",\"name\":\"Tja\u0161a Dorelay\",\"url\":\"https:\/\/www.tjasadorelay.com\/\",\"logo\":{\"@type\":\"ImageObject\",\"inLanguage\":\"sl-SI\",\"@id\":\"https:\/\/www.tjasadorelay.com\/#\/schema\/logo\/image\/\",\"url\":\"https:\/\/www.tjasadorelay.com\/wp-content\/uploads\/2023\/02\/LOGO.png\",\"contentUrl\":\"https:\/\/www.tjasadorelay.com\/wp-content\/uploads\/2023\/02\/LOGO.png\",\"width\":688,\"height\":228,\"caption\":\"Tja\u0161a Dorelay\"},\"image\":{\"@id\":\"https:\/\/www.tjasadorelay.com\/#\/schema\/logo\/image\/\"}}]}<\/script>\n<!-- \/ Yoast SEO plugin. -->","yoast_head_json":{"title":"Spletna \u0161ola ORACLE MEMBERSHIP - Tja\u0161a Dorelay","description":"Vsa jasnost za tvoje \u017eivljenje na enem mestu! Spletna \u0161ola OM odpira vrata samo 1x letno in to je ZDAJ! Pridru\u017ei se ji in postani moderni orakelj tudi ti!","robots":{"index":"index","follow":"follow","max-snippet":"max-snippet:-1","max-image-preview":"max-image-preview:large","max-video-preview":"max-video-preview:-1"},"canonical":"https:\/\/www.tjasadorelay.com\/sl\/izdelek\/spletna-sola-oracle-membership\/","og_locale":"sl_SI","og_type":"article","og_title":"Spletna \u0161ola ORACLE MEMBERSHIP - Tja\u0161a Dorelay","og_description":"Vsa jasnost za tvoje \u017eivljenje na enem mestu! Spletna \u0161ola OM odpira vrata samo 1x letno in to je ZDAJ! Pridru\u017ei se ji in postani moderni orakelj tudi ti!","og_url":"https:\/\/www.tjasadorelay.com\/sl\/izdelek\/spletna-sola-oracle-membership\/","og_site_name":"Tja\u0161a Dorelay","article_modified_time":"2026-03-09T11:50:52+00:00","og_image":[{"width":1045,"height":1390,"url":"http:\/\/www.tjasadorelay.com\/wp-content\/uploads\/2025\/06\/2023_08_TjasaDorelay_Park-Brdo-rumen-pajac-NC-tunel-ob-steni_07-1-scaled-e1751909963353.jpg","type":"image\/jpeg"}],"twitter_card":"summary_large_image","twitter_misc":{"Est. reading time":"1 minuta"},"schema":{"@context":"https:\/\/schema.org","@graph":[{"@type":"WebPage","@id":"https:\/\/www.tjasadorelay.com\/product\/spletna-sola-oracle-membership\/","url":"https:\/\/www.tjasadorelay.com\/product\/spletna-sola-oracle-membership\/","name":"Spletna \u0161ola ORACLE MEMBERSHIP - Tja\u0161a Dorelay","isPartOf":{"@id":"https:\/\/www.tjasadorelay.com\/#website"},"primaryImageOfPage":{"@id":"https:\/\/www.tjasadorelay.com\/product\/spletna-sola-oracle-membership\/#primaryimage"},"image":{"@id":"https:\/\/www.tjasadorelay.com\/product\/spletna-sola-oracle-membership\/#primaryimage"},"thumbnailUrl":"https:\/\/www.tjasadorelay.com\/wp-content\/uploads\/2025\/06\/2023_08_TjasaDorelay_Park-Brdo-rumen-pajac-NC-tunel-ob-steni_07-1-scaled-e1751909963353.jpg","datePublished":"2021-06-30T09:00:03+00:00","dateModified":"2026-03-09T11:50:52+00:00","description":"Vsa jasnost za tvoje \u017eivljenje na enem mestu! Spletna \u0161ola OM odpira vrata samo 1x letno in to je ZDAJ! Pridru\u017ei se ji in postani moderni orakelj tudi ti!","breadcrumb":{"@id":"https:\/\/www.tjasadorelay.com\/product\/spletna-sola-oracle-membership\/#breadcrumb"},"inLanguage":"sl-SI","potentialAction":[{"@type":"ReadAction","target":["https:\/\/www.tjasadorelay.com\/product\/spletna-sola-oracle-membership\/"]}]},{"@type":"ImageObject","inLanguage":"sl-SI","@id":"https:\/\/www.tjasadorelay.com\/product\/spletna-sola-oracle-membership\/#primaryimage","url":"https:\/\/www.tjasadorelay.com\/wp-content\/uploads\/2025\/06\/2023_08_TjasaDorelay_Park-Brdo-rumen-pajac-NC-tunel-ob-steni_07-1-scaled-e1751909963353.jpg","contentUrl":"https:\/\/www.tjasadorelay.com\/wp-content\/uploads\/2025\/06\/2023_08_TjasaDorelay_Park-Brdo-rumen-pajac-NC-tunel-ob-steni_07-1-scaled-e1751909963353.jpg","width":1045,"height":1390},{"@type":"BreadcrumbList","@id":"https:\/\/www.tjasadorelay.com\/product\/spletna-sola-oracle-membership\/#breadcrumb","itemListElement":[{"@type":"ListItem","position":1,"name":"Home","item":"https:\/\/www.tjasadorelay.com\/"},{"@type":"ListItem","position":2,"name":"Shop","item":"https:\/\/www.tjasadorelay.com\/shop\/"},{"@type":"ListItem","position":3,"name":"Spletna \u0161ola ORACLE MEMBERSHIP"}]},{"@type":"WebSite","@id":"https:\/\/www.tjasadorelay.com\/#website","url":"https:\/\/www.tjasadorelay.com\/","name":"Tja\u0161a Dorelay","description":"","publisher":{"@id":"https:\/\/www.tjasadorelay.com\/#organization"},"potentialAction":[{"@type":"SearchAction","target":{"@type":"EntryPoint","urlTemplate":"https:\/\/www.tjasadorelay.com\/?s={search_term_string}"},"query-input":"required name=search_term_string"}],"inLanguage":"sl-SI"},{"@type":"Organization","@id":"https:\/\/www.tjasadorelay.com\/#organization","name":"Tja\u0161a Dorelay","url":"https:\/\/www.tjasadorelay.com\/","logo":{"@type":"ImageObject","inLanguage":"sl-SI","@id":"https:\/\/www.tjasadorelay.com\/#\/schema\/logo\/image\/","url":"https:\/\/www.tjasadorelay.com\/wp-content\/uploads\/2023\/02\/LOGO.png","contentUrl":"https:\/\/www.tjasadorelay.com\/wp-content\/uploads\/2023\/02\/LOGO.png","width":688,"height":228,"caption":"Tja\u0161a Dorelay"},"image":{"@id":"https:\/\/www.tjasadorelay.com\/#\/schema\/logo\/image\/"}}]}},"_links":{"self":[{"href":"https:\/\/www.tjasadorelay.com\/sl\/wp-json\/wp\/v2\/product\/372","targetHints":{"allow":["GET"]}}],"collection":[{"href":"https:\/\/www.tjasadorelay.com\/sl\/wp-json\/wp\/v2\/product"}],"about":[{"href":"https:\/\/www.tjasadorelay.com\/sl\/wp-json\/wp\/v2\/types\/product"}],"wp:featuredmedia":[{"embeddable":true,"href":"https:\/\/www.tjasadorelay.com\/sl\/wp-json\/wp\/v2\/media\/29924"}],"wp:attachment":[{"href":"https:\/\/www.tjasadorelay.com\/sl\/wp-json\/wp\/v2\/media?parent=372"}],"wp:term":[{"taxonomy":"product_cat","embeddable":true,"href":"https:\/\/www.tjasadorelay.com\/sl\/wp-json\/wp\/v2\/product_cat?post=372"},{"taxonomy":"product_tag","embeddable":true,"href":"https:\/\/www.tjasadorelay.com\/sl\/wp-json\/wp\/v2\/product_tag?post=372"}],"curies":[{"name":"wp","href":"https:\/\/api.w.org\/{rel}","templated":true}]}}